{"id":15,"date":"2021-11-05T12:31:29","date_gmt":"2021-11-05T12:31:29","guid":{"rendered":"https:\/\/murbiten.se\/?page_id=15"},"modified":"2026-01-13T09:22:58","modified_gmt":"2026-01-13T09:22:58","slug":"startsida","status":"publish","type":"page","link":"https:\/\/murbiten.se\/","title":{"rendered":"Startsida"},"content":{"rendered":"<p><div class=\"fusion-fullwidth fullwidth-box fusion-builder-row-1 fusion-flex-container nonhundred-percent-fullwidth non-hundred-percent-height-scrolling\" style=\"--awb-border-radius-top-left:0px;--awb-border-radius-top-right:0px;--awb-border-radius-bottom-right:0px;--awb-border-radius-bottom-left:0px;--awb-margin-top:-50px;\" ><div class=\"fusion-builder-row fusion-row fusion-flex-align-items-flex-start\" style=\"max-width:1248px;margin-left: calc(-4% \/ 2 );margin-right: calc(-4% \/ 2 );\"><div class=\"fusion-layout-column fusion_builder_column fusion-builder-column-0 fusion_builder_column_1_2 1_2 fusion-flex-column fusion-flex-align-self-stretch\" style=\"--awb-bg-size:cover;--awb-width-large:50%;--awb-margin-top-large:0px;--awb-spacing-right-large:3.84%;--awb-margin-bottom-large:20px;--awb-spacing-left-large:3.84%;--awb-width-medium:50%;--awb-order-medium:0;--awb-spacing-right-medium:3.84%;--awb-spacing-left-medium:3.84%;--awb-width-small:100%;--awb-order-small:0;--awb-spacing-right-small:1.92%;--awb-spacing-left-small:1.92%;\"><div class=\"fusion-column-wrapper fusion-column-has-shadow fusion-flex-justify-content-flex-start fusion-content-layout-column\"><div class=\"fusion-title title fusion-title-1 fusion-sep-none fusion-title-text fusion-title-size-one\" style=\"--awb-margin-bottom:-20px;\"><h1 class=\"title-heading-left\" style=\"margin:0;\"><h1>V\u00e4lkommen till V\u00e4rldens B\u00e4sta Murbiten<\/h1><\/h1><\/div><div class=\"fusion-title title fusion-title-2 fusion-sep-none fusion-title-text fusion-title-size-two\" style=\"--awb-margin-top-small:-20px;\"><h2 class=\"title-heading-left\" style=\"margin:0;\"><h2>Med Murbiten h\u00e5ller allt<\/h2><\/h2><\/div><div class=\"fusion-text fusion-text-1\"><h2><span style=\"background-color: rgba(255, 255, 255, 0); color: var(--body_typography-color); font-family: var(--body_typography-font-family); font-size: var(--body_typography-font-size); font-style: var(--body_typography-font-style,normal); font-weight: var(--body_typography-font-weight); letter-spacing: var(--body_typography-letter-spacing);\">S\u00e5v\u00e4l bygget som det vi skakat hand p\u00e5. F\u00f6r vi \u00e4r g\u00e4rna med dig hela v\u00e4gen, fr\u00e5n mur- och putsprojekt till st\u00e4llningsbyggnation, materialinlyft och \u2013 eller bara en bit p\u00e5 v\u00e4gen, det best\u00e4mmer du. Hos oss f\u00e5r du alltid genuint hantverk och p\u00e5litlig personal. <\/span><span style=\"color: #e56400;\"><a class=\"read-more\" style=\"background-color: rgba(255, 255, 255, 0); font-family: var(--body_typography-font-family); font-size: var(--body_typography-font-size); font-style: var(--body_typography-font-style,normal); font-weight: var(--body_typography-font-weight); letter-spacing: var(--body_typography-letter-spacing); color: #e56400;\" href=\"https:\/\/murbiten.se\/node\/25\">L\u00e4s mer<\/a><\/span><\/h2>\n<\/div><\/div><\/div><div class=\"fusion-layout-column fusion_builder_column fusion-builder-column-1 fusion_builder_column_1_2 1_2 fusion-flex-column fusion-flex-align-self-center\" style=\"--awb-bg-size:cover;--awb-width-large:50%;--awb-margin-top-large:0px;--awb-spacing-right-large:3.84%;--awb-margin-bottom-large:20px;--awb-spacing-left-large:3.84%;--awb-width-medium:50%;--awb-order-medium:0;--awb-margin-top-medium:40px;--awb-spacing-right-medium:3.84%;--awb-spacing-left-medium:3.84%;--awb-width-small:100%;--awb-order-small:0;--awb-margin-top-small:-10px;--awb-spacing-right-small:1.92%;--awb-spacing-left-small:1.92%;\"><div class=\"fusion-column-wrapper fusion-column-has-shadow fusion-flex-justify-content-flex-start fusion-content-layout-column\"><div class=\"fusion-video fusion-youtube\" style=\"--awb-max-width:600px;--awb-max-height:360px;\"><div class=\"video-shortcode\"><div class=\"fluid-width-video-wrapper\" style=\"padding-top:60%;\" ><iframe title=\"YouTube video player 1\" src=\"https:\/\/www.youtube.com\/embed\/ZgojHDOx5ZQ?wmode=transparent&autoplay=0\" width=\"600\" height=\"360\" allowfullscreen allow=\"autoplay; fullscreen\"><\/iframe><\/div><\/div><\/div><\/div><\/div><\/div><\/div><div class=\"fusion-fullwidth fullwidth-box fusion-builder-row-2 fusion-flex-container nonhundred-percent-fullwidth non-hundred-percent-height-scrolling\" style=\"--awb-border-radius-top-left:0px;--awb-border-radius-top-right:0px;--awb-border-radius-bottom-right:0px;--awb-border-radius-bottom-left:0px;--awb-margin-top:10px;\" ><div class=\"fusion-builder-row fusion-row fusion-flex-align-items-flex-start\" style=\"max-width:1248px;margin-left: calc(-4% \/ 2 );margin-right: calc(-4% \/ 2 );\"><div class=\"fusion-layout-column fusion_builder_column fusion-builder-column-2 fusion_builder_column_1_1 1_1 fusion-flex-column\" style=\"--awb-bg-size:cover;--awb-width-large:100%;--awb-margin-top-large:0px;--awb-spacing-right-large:1.92%;--awb-margin-bottom-large:20px;--awb-spacing-left-large:1.92%;--awb-width-medium:100%;--awb-order-medium:0;--awb-spacing-right-medium:1.92%;--awb-spacing-left-medium:1.92%;--awb-width-small:100%;--awb-order-small:0;--awb-spacing-right-small:1.92%;--awb-spacing-left-small:1.92%;\"><div class=\"fusion-column-wrapper fusion-column-has-shadow fusion-flex-justify-content-flex-start fusion-content-layout-column\"><div class=\"fusion-title title fusion-title-3 fusion-sep-none fusion-title-center fusion-title-text fusion-title-size-two\"><h2 class=\"title-heading-center\" style=\"margin:0;\"><h2>Exempel p\u00e5 v\u00e5ra projekt<\/h2><\/h2><\/div><\/div><\/div><\/div><\/div><div class=\"fusion-fullwidth fullwidth-box fusion-builder-row-3 fusion-flex-container nonhundred-percent-fullwidth non-hundred-percent-height-scrolling\" style=\"--awb-border-radius-top-left:0px;--awb-border-radius-top-right:0px;--awb-border-radius-bottom-right:0px;--awb-border-radius-bottom-left:0px;\" ><div class=\"fusion-builder-row fusion-row fusion-flex-align-items-center fusion-flex-justify-content-center\" style=\"max-width:1248px;margin-left: calc(-4% \/ 2 );margin-right: calc(-4% \/ 2 );\"><div class=\"fusion-layout-column fusion_builder_column fusion-builder-column-3 fusion_builder_column_1_1 1_1 fusion-flex-column\" style=\"--awb-bg-size:cover;--awb-width-large:100%;--awb-margin-top-large:0px;--awb-spacing-right-large:1.92%;--awb-margin-bottom-large:20px;--awb-spacing-left-large:1.92%;--awb-width-medium:100%;--awb-order-medium:0;--awb-spacing-right-medium:1.92%;--awb-spacing-left-medium:1.92%;--awb-width-small:100%;--awb-order-small:0;--awb-spacing-right-small:1.92%;--awb-spacing-left-small:1.92%;\"><div class=\"fusion-column-wrapper fusion-column-has-shadow fusion-flex-justify-content-flex-start fusion-content-layout-column\"><style type=\"text\/css\">.fusion-portfolio-wrapper#fusion-portfolio-1 .fusion-portfolio-content{ padding: 25px 25px 25px 25px; text-align: left; }<\/style><div class=\"fusion-recent-works fusion-portfolio-element fusion-portfolio fusion-portfolio-1 fusion-portfolio-grid fusion-portfolio-paging-none fusion-portfolio-three fusion-portfolio-boxed fusion-portfolio-text fusion-portfolio-equal-heights\" data-id=\"-rw-1\" data-columns=\"three\"><style type=\"text\/css\">.fusion-portfolio-1 .fusion-portfolio-wrapper .fusion-col-spacing{padding:5px;}<\/style><div class=\"fusion-portfolio-wrapper\" id=\"fusion-portfolio-1\" data-picturesize=\"auto\" data-pages=\"4\" style=\"margin:-5px;\"><article id=\"portfolio-1-post-471\" class=\"fusion-portfolio-post alla-projekt tegel-puts fusion-col-spacing post-471\"><div class=\"fusion-portfolio-content-wrapper\" style=\"border:1px solid #f2f3f5;border-bottom-width:3px;background-color:rgba(255,255,255,0);\"><span class=\"vcard rich-snippet-hidden\"><span class=\"fn\"><a href=\"https:\/\/murbiten.se\/?author=2\" title=\"Inl\u00e4gg av matilda\" rel=\"author\">matilda<\/a><\/span><\/span><span class=\"updated rich-snippet-hidden\">2022-02-02T10:44:31+00:00<\/span><div  class=\"fusion-image-wrapper\" aria-haspopup=\"true\">\n\t\t\t\t\t\t\t<a href=\"https:\/\/murbiten.se\/?avada_portfolio=andra-langgatan\" aria-label=\"Andra L\u00e5nggatan\">\n\t\t\t\t\t\t\t<img decoding=\"async\" width=\"1140\" height=\"440\" src=\"https:\/\/murbiten.se\/wp-content\/uploads\/2021\/11\/andralang.jpeg\" class=\"attachment-full size-full wp-post-image\" alt=\"\" srcset=\"https:\/\/murbiten.se\/wp-content\/uploads\/2021\/11\/andralang-200x77.jpeg 200w, https:\/\/murbiten.se\/wp-content\/uploads\/2021\/11\/andralang-400x154.jpeg 400w, https:\/\/murbiten.se\/wp-content\/uploads\/2021\/11\/andralang-600x232.jpeg 600w, https:\/\/murbiten.se\/wp-content\/uploads\/2021\/11\/andralang-800x309.jpeg 800w, https:\/\/murbiten.se\/wp-content\/uploads\/2021\/11\/andralang.jpeg 1140w\" sizes=\"(min-width: 2200px) 100vw, (min-width: 784px) 393px, (min-width: 712px) 590px, (min-width: 640px) 712px, \" \/>\t\t\t<\/a>\n\t\t\t\t\t\t\t<\/div>\n<div class=\"fusion-portfolio-content\" style=\"background-color:rgba(255,255,255,0);\"><h2 class=\"entry-title fusion-post-title\"><a href=\"https:\/\/murbiten.se\/?avada_portfolio=andra-langgatan\">Andra L\u00e5nggatan<\/a><\/h2><div class=\"fusion-post-content\"><\/div><\/div><\/div><\/article><article id=\"portfolio-1-post-443\" class=\"fusion-portfolio-post alla-projekt tegel-puts fusion-col-spacing post-443\"><div class=\"fusion-portfolio-content-wrapper\" style=\"border:1px solid #f2f3f5;border-bottom-width:3px;background-color:rgba(255,255,255,0);\"><span class=\"vcard rich-snippet-hidden\"><span class=\"fn\"><a href=\"https:\/\/murbiten.se\/?author=2\" title=\"Inl\u00e4gg av matilda\" rel=\"author\">matilda<\/a><\/span><\/span><span class=\"updated rich-snippet-hidden\">2022-02-02T10:45:56+00:00<\/span><div  class=\"fusion-image-wrapper\" aria-haspopup=\"true\">\n\t\t\t\t\t\t\t<a href=\"https:\/\/murbiten.se\/?avada_portfolio=transistorgatan\" aria-label=\"Transistorgatan\">\n\t\t\t\t\t\t\t<img decoding=\"async\" width=\"1140\" height=\"440\" src=\"https:\/\/murbiten.se\/wp-content\/uploads\/2021\/11\/transistorgatan.jpeg\" class=\"attachment-full size-full wp-post-image\" alt=\"\" srcset=\"https:\/\/murbiten.se\/wp-content\/uploads\/2021\/11\/transistorgatan-200x77.jpeg 200w, https:\/\/murbiten.se\/wp-content\/uploads\/2021\/11\/transistorgatan-400x154.jpeg 400w, https:\/\/murbiten.se\/wp-content\/uploads\/2021\/11\/transistorgatan-600x232.jpeg 600w, https:\/\/murbiten.se\/wp-content\/uploads\/2021\/11\/transistorgatan-800x309.jpeg 800w, https:\/\/murbiten.se\/wp-content\/uploads\/2021\/11\/transistorgatan.jpeg 1140w\" sizes=\"(min-width: 2200px) 100vw, (min-width: 784px) 393px, (min-width: 712px) 590px, (min-width: 640px) 712px, \" \/>\t\t\t<\/a>\n\t\t\t\t\t\t\t<\/div>\n<div class=\"fusion-portfolio-content\" style=\"background-color:rgba(255,255,255,0);\"><h2 class=\"entry-title fusion-post-title\"><a href=\"https:\/\/murbiten.se\/?avada_portfolio=transistorgatan\">Transistorgatan<\/a><\/h2><div class=\"fusion-post-content\"><\/div><\/div><\/div><\/article><article id=\"portfolio-1-post-401\" class=\"fusion-portfolio-post alla-projekt tegel-puts fusion-col-spacing post-401\"><div class=\"fusion-portfolio-content-wrapper\" style=\"border:1px solid #f2f3f5;border-bottom-width:3px;background-color:rgba(255,255,255,0);\"><span class=\"vcard rich-snippet-hidden\"><span class=\"fn\"><a href=\"https:\/\/murbiten.se\/?author=2\" title=\"Inl\u00e4gg av matilda\" rel=\"author\">matilda<\/a><\/span><\/span><span class=\"updated rich-snippet-hidden\">2022-02-02T10:46:36+00:00<\/span><div  class=\"fusion-image-wrapper\" aria-haspopup=\"true\">\n\t\t\t\t\t\t\t<a href=\"https:\/\/murbiten.se\/?avada_portfolio=medicinareberget-2\" aria-label=\"Medicinareberget\">\n\t\t\t\t\t\t\t<img decoding=\"async\" width=\"1140\" height=\"440\" src=\"https:\/\/murbiten.se\/wp-content\/uploads\/2021\/11\/sahlgrenska.jpeg\" class=\"attachment-full size-full wp-post-image\" alt=\"\" srcset=\"https:\/\/murbiten.se\/wp-content\/uploads\/2021\/11\/sahlgrenska-200x77.jpeg 200w, https:\/\/murbiten.se\/wp-content\/uploads\/2021\/11\/sahlgrenska-400x154.jpeg 400w, https:\/\/murbiten.se\/wp-content\/uploads\/2021\/11\/sahlgrenska-600x232.jpeg 600w, https:\/\/murbiten.se\/wp-content\/uploads\/2021\/11\/sahlgrenska-800x309.jpeg 800w, https:\/\/murbiten.se\/wp-content\/uploads\/2021\/11\/sahlgrenska.jpeg 1140w\" sizes=\"(min-width: 2200px) 100vw, (min-width: 784px) 393px, (min-width: 712px) 590px, (min-width: 640px) 712px, \" \/>\t\t\t<\/a>\n\t\t\t\t\t\t\t<\/div>\n<div class=\"fusion-portfolio-content\" style=\"background-color:rgba(255,255,255,0);\"><h2 class=\"entry-title fusion-post-title\"><a href=\"https:\/\/murbiten.se\/?avada_portfolio=medicinareberget-2\">Medicinareberget<\/a><\/h2><div class=\"fusion-post-content\"><\/div><\/div><\/div><\/article><\/div><\/div><\/div><\/div><\/div><\/div><\/p>\n","protected":false},"excerpt":{"rendered":"","protected":false},"author":2,"featured_media":0,"parent":0,"menu_order":0,"comment_status":"closed","ping_status":"closed","template":"","meta":{"footnotes":""},"class_list":["post-15","page","type-page","status-publish","hentry"],"yoast_head":"<!-- This site is optimized with the Yoast SEO plugin v19.14 - https:\/\/yoast.com\/wordpress\/plugins\/seo\/ -->\n<title>Startsida - Murbiten<\/title>\n<meta name=\"robots\" content=\"index, follow, max-snippet:-1, max-image-preview:large, max-video-preview:-1\" \/>\n<link rel=\"canonical\" href=\"https:\/\/murbiten.se\/\" \/>\n<meta property=\"og:locale\" content=\"sv_SE\" \/>\n<meta property=\"og:type\" content=\"article\" \/>\n<meta property=\"og:title\" content=\"Startsida - Murbiten\" \/>\n<meta property=\"og:url\" content=\"https:\/\/murbiten.se\/\" \/>\n<meta property=\"og:site_name\" content=\"Murbiten\" \/>\n<meta property=\"article:modified_time\" content=\"2026-01-13T09:22:58+00:00\" \/>\n<meta name=\"twitter:card\" content=\"summary_large_image\" \/>\n<meta name=\"twitter:label1\" content=\"Ber\u00e4knad l\u00e4stid\" \/>\n\t<meta name=\"twitter:data1\" content=\"8 minuter\" \/>\n<script type=\"application\/ld+json\" class=\"yoast-schema-graph\">{\"@context\":\"https:\/\/schema.org\",\"@graph\":[{\"@type\":\"WebPage\",\"@id\":\"https:\/\/murbiten.se\/\",\"url\":\"https:\/\/murbiten.se\/\",\"name\":\"Startsida - Murbiten\",\"isPartOf\":{\"@id\":\"https:\/\/murbiten.se\/#website\"},\"datePublished\":\"2021-11-05T12:31:29+00:00\",\"dateModified\":\"2026-01-13T09:22:58+00:00\",\"breadcrumb\":{\"@id\":\"https:\/\/murbiten.se\/#breadcrumb\"},\"inLanguage\":\"sv-SE\",\"potentialAction\":[{\"@type\":\"ReadAction\",\"target\":[\"https:\/\/murbiten.se\/\"]}]},{\"@type\":\"BreadcrumbList\",\"@id\":\"https:\/\/murbiten.se\/#breadcrumb\",\"itemListElement\":[{\"@type\":\"ListItem\",\"position\":1,\"name\":\"Home\",\"item\":\"https:\/\/murbiten.se\/\"},{\"@type\":\"ListItem\",\"position\":2,\"name\":\"Startsida\"}]},{\"@type\":\"WebSite\",\"@id\":\"https:\/\/murbiten.se\/#website\",\"url\":\"https:\/\/murbiten.se\/\",\"name\":\"Murbiten\",\"description\":\"Murbiten\",\"potentialAction\":[{\"@type\":\"SearchAction\",\"target\":{\"@type\":\"EntryPoint\",\"urlTemplate\":\"https:\/\/murbiten.se\/?s={search_term_string}\"},\"query-input\":\"required name=search_term_string\"}],\"inLanguage\":\"sv-SE\"}]}<\/script>\n<!-- \/ Yoast SEO plugin. -->","yoast_head_json":{"title":"Startsida - Murbiten","robots":{"index":"index","follow":"follow","max-snippet":"max-snippet:-1","max-image-preview":"max-image-preview:large","max-video-preview":"max-video-preview:-1"},"canonical":"https:\/\/murbiten.se\/","og_locale":"sv_SE","og_type":"article","og_title":"Startsida - Murbiten","og_url":"https:\/\/murbiten.se\/","og_site_name":"Murbiten","article_modified_time":"2026-01-13T09:22:58+00:00","twitter_card":"summary_large_image","twitter_misc":{"Ber\u00e4knad l\u00e4stid":"8 minuter"},"schema":{"@context":"https:\/\/schema.org","@graph":[{"@type":"WebPage","@id":"https:\/\/murbiten.se\/","url":"https:\/\/murbiten.se\/","name":"Startsida - Murbiten","isPartOf":{"@id":"https:\/\/murbiten.se\/#website"},"datePublished":"2021-11-05T12:31:29+00:00","dateModified":"2026-01-13T09:22:58+00:00","breadcrumb":{"@id":"https:\/\/murbiten.se\/#breadcrumb"},"inLanguage":"sv-SE","potentialAction":[{"@type":"ReadAction","target":["https:\/\/murbiten.se\/"]}]},{"@type":"BreadcrumbList","@id":"https:\/\/murbiten.se\/#breadcrumb","itemListElement":[{"@type":"ListItem","position":1,"name":"Home","item":"https:\/\/murbiten.se\/"},{"@type":"ListItem","position":2,"name":"Startsida"}]},{"@type":"WebSite","@id":"https:\/\/murbiten.se\/#website","url":"https:\/\/murbiten.se\/","name":"Murbiten","description":"Murbiten","potentialAction":[{"@type":"SearchAction","target":{"@type":"EntryPoint","urlTemplate":"https:\/\/murbiten.se\/?s={search_term_string}"},"query-input":"required name=search_term_string"}],"inLanguage":"sv-SE"}]}},"_links":{"self":[{"href":"https:\/\/murbiten.se\/index.php?rest_route=\/wp\/v2\/pages\/15","targetHints":{"allow":["GET"]}}],"collection":[{"href":"https:\/\/murbiten.se\/index.php?rest_route=\/wp\/v2\/pages"}],"about":[{"href":"https:\/\/murbiten.se\/index.php?rest_route=\/wp\/v2\/types\/page"}],"author":[{"embeddable":true,"href":"https:\/\/murbiten.se\/index.php?rest_route=\/wp\/v2\/users\/2"}],"replies":[{"embeddable":true,"href":"https:\/\/murbiten.se\/index.php?rest_route=%2Fwp%2Fv2%2Fcomments&post=15"}],"version-history":[{"count":68,"href":"https:\/\/murbiten.se\/index.php?rest_route=\/wp\/v2\/pages\/15\/revisions"}],"predecessor-version":[{"id":689,"href":"https:\/\/murbiten.se\/index.php?rest_route=\/wp\/v2\/pages\/15\/revisions\/689"}],"wp:attachment":[{"href":"https:\/\/murbiten.se\/index.php?rest_route=%2Fwp%2Fv2%2Fmedia&parent=15"}],"curies":[{"name":"wp","href":"https:\/\/api.w.org\/{rel}","templated":true}]}}